{"id":57219,"date":"2024-05-16T15:48:04","date_gmt":"2024-05-16T13:48:04","guid":{"rendered":"https:\/\/tadaaz.be\/blog\/?page_id=57219"},"modified":"2026-01-27T11:50:27","modified_gmt":"2026-01-27T10:50:27","slug":"votre-check-list-naissance-pour-preparer-larrivee-de-bebe","status":"publish","type":"page","link":"https:\/\/tadaaz.be\/blog\/be-FR\/votre-check-list-naissance-pour-preparer-larrivee-de-bebe\/","title":{"rendered":"Votre check-list naissance : pour pr\u00e9parer l\u2019arriv\u00e9e de b\u00e9b\u00e9."},"content":{"rendered":"\n<figure class=\"wp-block-image size-full is-resized\"><a href=\"https:\/\/tadaaz.fr\/blog\/wp-content\/uploads\/2024\/10\/747x274-geboorte-2.png\"><img loading=\"lazy\" decoding=\"async\" width=\"747\" height=\"274\" src=\"https:\/\/tadaaz.fr\/blog\/wp-content\/uploads\/2024\/10\/747x274-geboorte-2.png\" alt=\"\" class=\"wp-image-97489\" style=\"width:1000px;height:auto\" srcset=\"https:\/\/tadaaz.be\/blog\/wp-content\/uploads\/2024\/10\/747x274-geboorte-2.png 747w, https:\/\/tadaaz.be\/blog\/wp-content\/uploads\/2024\/10\/747x274-geboorte-2-300x110.png 300w, https:\/\/tadaaz.be\/blog\/wp-content\/uploads\/2024\/10\/747x274-geboorte-2-100x37.png 100w\" sizes=\"auto, (max-width: 747px) 100vw, 747px\" \/><\/a><\/figure>\n\n\n<div class=\"klaviyo-form-wrapper\" data-klaviyo-form-id=\"RRApEv\"><div class=\"klaviyo-form-RRApEv\"><\/div><div style=\"background: #f7f7f7; border: 1px dashed #ccc; padding: 20px; text-align: center; color: #666;\"><strong>Klaviyo Form Placeholder<\/strong><br>ID: RRApEv<\/div><\/div>\n\n\n<h2 class=\"wp-block-heading\"><strong>Assurez-vous de ne rien oublier en t\u00e9l\u00e9chargeant la check-list naissance Tadaaz<\/strong><\/h2>\n\n\n\n<p>Vous venez d\u2019apprendre la magnifique nouvelle&nbsp;: dans 9 mois vous serez des parents \u00e9panouis&nbsp;! L\u2019attente va \u00eatre longue pendant les mois de grossesse, mais cela vous laissera le temps de <a href=\"https:\/\/tadaaz.be\/fr\/naissance\">pr\u00e9parer son arriv\u00e9e<\/a> comme il se doit. Et oui, la venue d\u2019un nourrisson dans la famille va changer pas mal de choses et chambouler votre quotidien on peut le dire.<\/p>\n\n\n\n<p>C\u2019est une nouvelle aventure pour vous, et cela vous fait un peu peur ? Nous sommes tous pass\u00e9s par l\u00e0, et le m\u00e9tier de parents s\u2019apprend sur le tas. Vous pourrez demander \u00e0 vos propres parents ou \u00e0 vos amis proches d\u00e9j\u00e0 pass\u00e9s par-l\u00e0, tous vous r\u00e9pondront la m\u00eame chose !<\/p>\n\n\n\n<p>On a d\u00e9cid\u00e9 de vous donner un petit coup de pouce pour les pr\u00e9paratifs. Mieux vaut \u00e9viter le stress dans les derni\u00e8res semaines alors autant s\u2019y mettre d\u00e8s maintenant qu\u2019en pensez-vous&nbsp;?<\/p>\n\n\n\n<h2 class=\"wp-block-heading\">Comment se pr\u00e9parer \u00e0 l&rsquo;arriv\u00e9e de b\u00e9b\u00e9 ?<\/h2>\n\n\n\n<p>Vous voulez quand m\u00eame bien vous pr\u00e9parer ? Pas envie d&rsquo;affronter des surprises quand on vient d&rsquo;accoucher ? Vous arrive-t-il de vous inqui\u00e9ter de ce que vous avez oubli\u00e9 de pr\u00e9parer ? Oublier de pr\u00e9parer la chambre du b\u00e9b\u00e9, d&rsquo;assembler le lit, de contacter la sage-femme, de pratiquer l&rsquo;\u00e9charpe de portage&#8230; Ce ne sont l\u00e0 que quelques-unes des t\u00e2ches \u00e0 accomplir qui peuvent vous pr\u00e9occuper. Les proc\u00e9dures administratives peuvent vous occuper et vous faire oublier votre to-do list naissance.<\/p>\n\n\n\n<p>Dans cet aide-m\u00e9moire, vous trouverez plus de 35 conseils \u00e0 suivre avant l&rsquo;arriv\u00e9e de b\u00e9b\u00e9. C\u2019est une pratique to-do list avant naissance. Vous verrez pour chaque semaine de grossesse quelles d\u00e9marches administratives vous devez encore effectuer (bonjour les allocations familiales), quand penser \u00e0 quels achats&#8230; Vous \u00eates ainsi parfaitement pr\u00e9par\u00e9e \u00e0 la naissance de votre enfant.&nbsp;<\/p>\n\n\n\n<figure class=\"wp-block-image size-large\"><a href=\"https:\/\/tadaaz.be\/blog\/wp-content\/uploads\/2024\/05\/Babyshoot_Nell-35-1024x683.jpg\"><img loading=\"lazy\" decoding=\"async\" width=\"1024\" height=\"683\" src=\"https:\/\/tadaaz.be\/blog\/wp-content\/uploads\/2024\/05\/Babyshoot_Nell-35-1024x683.jpg\" alt=\"famille avec b\u00e9b\u00e9\" class=\"wp-image-95275\" srcset=\"https:\/\/tadaaz.be\/blog\/wp-content\/uploads\/2024\/05\/Babyshoot_Nell-35-1024x683.jpg 1024w, https:\/\/tadaaz.be\/blog\/wp-content\/uploads\/2024\/05\/Babyshoot_Nell-35-300x200.jpg 300w, https:\/\/tadaaz.be\/blog\/wp-content\/uploads\/2024\/05\/Babyshoot_Nell-35-768x512.jpg 768w, https:\/\/tadaaz.be\/blog\/wp-content\/uploads\/2024\/05\/Babyshoot_Nell-35-100x67.jpg 100w, https:\/\/tadaaz.be\/blog\/wp-content\/uploads\/2024\/05\/Babyshoot_Nell-35.jpg 1424w\" sizes=\"auto, (max-width: 1024px) 100vw, 1024px\" \/><\/a><\/figure>\n\n\n\n<p>Notre liste de naissance est tr\u00e8s pratique. Nous avons demand\u00e9 conseil \u00e0 nos coll\u00e8gues qui sont \u00e9galement m\u00e8res et nous avons \u00e9t\u00e9 inspir\u00e9es par la richesse des informations en ligne. Cela nous a permis d&rsquo;\u00e9tablir une liste de choses \u00e0 faire \u00e0 la naissance qui couvre vraiment tout !&nbsp;<\/p>\n\n\n\n<p>Que ce soit pour des questions administratives, les rendez-vous m\u00e9dicaux, la d\u00e9coration de la chambre ou encore pour la r\u00e9alisation de vos <a href=\"https:\/\/tadaaz.be\/fr\/naissance\/faire-part-naissance\">faire-part personnalis\u00e9s naissance<\/a> on vous donne la marche \u00e0 suivre au cours des 9 mois de grossesse.<\/p>\n\n\n\n<p>Gr\u00e2ce \u00e0 notre <strong>checklist naissance<\/strong> de b\u00e9b\u00e9 vous saurez \u00e0 quelle p\u00e9riode effectuer chaque t\u00e2che. N\u2019attendez plus, et inscrivez-vous ci-dessous afin de la recevoir. En vous abonnant, nous vous enverrons les derni\u00e8res actualit\u00e9s Tadaaz que personne d&rsquo;autre ne verra. (Ne vous inqui\u00e9tez pas, nous ne surchargerons pas votre bo\u00eete mail). Vous pouvez toujours vous d\u00e9sabonner en bas des newsletters re\u00e7us.<\/p>\n\n\n\n<p>Une fois que votre bambin aura point\u00e9 le bout de son nez ce sera du pur bonheur, plus de liste \u00e0 suivre&nbsp;: vous n\u2019aurez qu\u2019\u00e0 profiter de cet instant magique&nbsp;!<\/p>\n\n\n\n<p>Notre check-liste de naissance vous a-t-elle \u00e9t\u00e9 utile ? N&rsquo;h\u00e9sitez pas \u00e0 transmettre cette page \u00e0 vos amies enceintes pour les soulager.<\/p>\n","protected":false},"excerpt":{"rendered":"<p>Assurez-vous de ne rien oublier en t\u00e9l\u00e9chargeant la check-list naissance Tadaaz Vous venez d\u2019apprendre la magnifique nouvelle&nbsp;: dans 9 mois vous serez des parents \u00e9panouis&nbsp;! L\u2019attente va \u00eatre longue pendant les mois de grossesse, mais cela vous laissera le temps de pr\u00e9parer son arriv\u00e9e comme il se doit. Et oui, la venue d\u2019un nourrisson dans [&hellip;]<\/p>\n","protected":false},"author":65,"featured_media":95262,"parent":0,"menu_order":0,"comment_status":"closed","ping_status":"closed","template":"","meta":{"footnotes":""},"class_list":["post-57219","page","type-page","status-publish","has-post-thumbnail","hentry"],"blocksy_meta":{"styles_descriptor":{"styles":{"desktop":"","tablet":"","mobile":""},"google_fonts":[],"version":6}},"yoast_head":"<!-- This site is optimized with the Yoast SEO plugin v26.7 - https:\/\/yoast.com\/wordpress\/plugins\/seo\/ -->\n<title>Votre check-list naissance : pour pr\u00e9parer l\u2019arriv\u00e9e de b\u00e9b\u00e9. - Tadaaz<\/title>\n<meta name=\"description\" content=\"Dans cette check-list naissance, vous trouverez plus de 35 conseils pour pr\u00e9parer l&#039;arriv\u00e9e de votre b\u00e9b\u00e9 semaine apr\u00e8s semaine.\" \/>\n<meta name=\"robots\" content=\"index, follow, max-snippet:-1, max-image-preview:large, max-video-preview:-1\" \/>\n<link rel=\"canonical\" href=\"https:\/\/tadaaz.be\/blog\/be-FR\/wp-json\/wp\/v2\/pages\/57219\" \/>\n<meta property=\"og:locale\" content=\"fr_FR\" \/>\n<meta property=\"og:type\" content=\"article\" \/>\n<meta property=\"og:title\" content=\"Votre check-list naissance : pour pr\u00e9parer l\u2019arriv\u00e9e de b\u00e9b\u00e9. - Tadaaz\" \/>\n<meta property=\"og:description\" content=\"Dans cette check-list naissance, vous trouverez plus de 35 conseils pour pr\u00e9parer l&#039;arriv\u00e9e de votre b\u00e9b\u00e9 semaine apr\u00e8s semaine.\" \/>\n<meta property=\"og:url\" content=\"https:\/\/tadaaz.be\/blog\/be-FR\/votre-check-list-naissance-pour-preparer-larrivee-de-bebe\/\" \/>\n<meta property=\"og:site_name\" content=\"Tadaaz\" \/>\n<meta property=\"article:modified_time\" content=\"2026-01-27T10:50:27+00:00\" \/>\n<meta property=\"og:image\" content=\"https:\/\/tadaaz.be\/blog\/wp-content\/uploads\/2024\/05\/Babyshoot_Mariska-17-scaled.jpg\" \/>\n\t<meta property=\"og:image:width\" content=\"2560\" \/>\n\t<meta property=\"og:image:height\" content=\"1709\" \/>\n\t<meta property=\"og:image:type\" content=\"image\/jpeg\" \/>\n<meta name=\"twitter:card\" content=\"summary_large_image\" \/>\n<meta name=\"twitter:label1\" content=\"Dur\u00e9e de lecture est.\" \/>\n\t<meta name=\"twitter:data1\" content=\"3 minutes\" \/>\n<!-- \/ Yoast SEO plugin. -->","yoast_head_json":{"title":"Votre check-list naissance : pour pr\u00e9parer l\u2019arriv\u00e9e de b\u00e9b\u00e9. - Tadaaz","description":"Dans cette check-list naissance, vous trouverez plus de 35 conseils pour pr\u00e9parer l'arriv\u00e9e de votre b\u00e9b\u00e9 semaine apr\u00e8s semaine.","robots":{"index":"index","follow":"follow","max-snippet":"max-snippet:-1","max-image-preview":"max-image-preview:large","max-video-preview":"max-video-preview:-1"},"canonical":"https:\/\/tadaaz.be\/blog\/be-FR\/wp-json\/wp\/v2\/pages\/57219","og_locale":"fr_FR","og_type":"article","og_title":"Votre check-list naissance : pour pr\u00e9parer l\u2019arriv\u00e9e de b\u00e9b\u00e9. - Tadaaz","og_description":"Dans cette check-list naissance, vous trouverez plus de 35 conseils pour pr\u00e9parer l'arriv\u00e9e de votre b\u00e9b\u00e9 semaine apr\u00e8s semaine.","og_url":"https:\/\/tadaaz.be\/blog\/be-FR\/votre-check-list-naissance-pour-preparer-larrivee-de-bebe\/","og_site_name":"Tadaaz","article_modified_time":"2026-01-27T10:50:27+00:00","og_image":[{"width":2560,"height":1709,"url":"https:\/\/tadaaz.be\/blog\/wp-content\/uploads\/2024\/05\/Babyshoot_Mariska-17-scaled.jpg","type":"image\/jpeg"}],"twitter_card":"summary_large_image","twitter_misc":{"Dur\u00e9e de lecture est.":"3 minutes"},"schema":{"@context":"https:\/\/schema.org","@graph":[{"@type":"WebPage","@id":"https:\/\/tadaaz.be\/blog\/be-FR\/votre-check-list-naissance-pour-preparer-larrivee-de-bebe\/","url":"https:\/\/tadaaz.be\/blog\/be-FR\/votre-check-list-naissance-pour-preparer-larrivee-de-bebe\/","name":"Votre check-list naissance : pour pr\u00e9parer l\u2019arriv\u00e9e de b\u00e9b\u00e9. - Tadaaz","isPartOf":{"@id":"https:\/\/tadaaz.nl\/blog\/nl\/#website"},"primaryImageOfPage":{"@id":"https:\/\/tadaaz.be\/blog\/be-FR\/votre-check-list-naissance-pour-preparer-larrivee-de-bebe\/#primaryimage"},"image":{"@id":"https:\/\/tadaaz.be\/blog\/be-FR\/votre-check-list-naissance-pour-preparer-larrivee-de-bebe\/#primaryimage"},"thumbnailUrl":"https:\/\/tadaaz.be\/blog\/wp-content\/uploads\/2024\/05\/Babyshoot_Mariska-17-scaled.jpg","datePublished":"2024-05-16T13:48:04+00:00","dateModified":"2026-01-27T10:50:27+00:00","description":"Dans cette check-list naissance, vous trouverez plus de 35 conseils pour pr\u00e9parer l'arriv\u00e9e de votre b\u00e9b\u00e9 semaine apr\u00e8s semaine.","inLanguage":"fr-BE","potentialAction":[{"@type":"ReadAction","target":["https:\/\/tadaaz.be\/blog\/be-FR\/votre-check-list-naissance-pour-preparer-larrivee-de-bebe\/"]}]},{"@type":"ImageObject","inLanguage":"fr-BE","@id":"https:\/\/tadaaz.be\/blog\/be-FR\/votre-check-list-naissance-pour-preparer-larrivee-de-bebe\/#primaryimage","url":"https:\/\/tadaaz.be\/blog\/wp-content\/uploads\/2024\/05\/Babyshoot_Mariska-17-scaled.jpg","contentUrl":"https:\/\/tadaaz.be\/blog\/wp-content\/uploads\/2024\/05\/Babyshoot_Mariska-17-scaled.jpg","width":2560,"height":1709},{"@type":"WebSite","@id":"https:\/\/tadaaz.nl\/blog\/nl\/#website","url":"https:\/\/tadaaz.nl\/blog\/nl\/","name":"Tadaaz","description":"","publisher":{"@id":"https:\/\/tadaaz.nl\/blog\/nl\/#organization"},"potentialAction":[{"@type":"SearchAction","target":{"@type":"EntryPoint","urlTemplate":"https:\/\/tadaaz.nl\/blog\/nl\/?s={search_term_string}"},"query-input":{"@type":"PropertyValueSpecification","valueRequired":true,"valueName":"search_term_string"}}],"inLanguage":"fr-BE"},{"@type":"Organization","@id":"https:\/\/tadaaz.nl\/blog\/nl\/#organization","name":"Tadaaz","url":"https:\/\/tadaaz.nl\/blog\/nl\/","logo":{"@type":"ImageObject","inLanguage":"fr-BE","@id":"https:\/\/tadaaz.nl\/blog\/nl\/#\/schema\/logo\/image\/","url":"https:\/\/tadaaz.be\/blog\/wp-content\/uploads\/2023\/02\/TADAAZ_LOGO_RGB_BLOG.svg","contentUrl":"https:\/\/tadaaz.be\/blog\/wp-content\/uploads\/2023\/02\/TADAAZ_LOGO_RGB_BLOG.svg","caption":"Tadaaz"},"image":{"@id":"https:\/\/tadaaz.nl\/blog\/nl\/#\/schema\/logo\/image\/"}}]}},"_links":{"self":[{"href":"https:\/\/tadaaz.be\/blog\/be-FR\/wp-json\/wp\/v2\/pages\/57219","targetHints":{"allow":["GET"]}}],"collection":[{"href":"https:\/\/tadaaz.be\/blog\/be-FR\/wp-json\/wp\/v2\/pages"}],"about":[{"href":"https:\/\/tadaaz.be\/blog\/be-FR\/wp-json\/wp\/v2\/types\/page"}],"author":[{"embeddable":true,"href":"https:\/\/tadaaz.be\/blog\/be-FR\/wp-json\/wp\/v2\/users\/65"}],"replies":[{"embeddable":true,"href":"https:\/\/tadaaz.be\/blog\/be-FR\/wp-json\/wp\/v2\/comments?post=57219"}],"version-history":[{"count":2,"href":"https:\/\/tadaaz.be\/blog\/be-FR\/wp-json\/wp\/v2\/pages\/57219\/revisions"}],"predecessor-version":[{"id":114320,"href":"https:\/\/tadaaz.be\/blog\/be-FR\/wp-json\/wp\/v2\/pages\/57219\/revisions\/114320"}],"wp:featuredmedia":[{"embeddable":true,"href":"https:\/\/tadaaz.be\/blog\/be-FR\/wp-json\/wp\/v2\/media\/95262"}],"wp:attachment":[{"href":"https:\/\/tadaaz.be\/blog\/be-FR\/wp-json\/wp\/v2\/media?parent=57219"}],"curies":[{"name":"wp","href":"https:\/\/api.w.org\/{rel}","templated":true}]}}