{"id":89463,"date":"2022-07-08T10:57:00","date_gmt":"2022-07-08T08:57:00","guid":{"rendered":"https:\/\/tadaaz.be\/blog\/?page_id=89463"},"modified":"2026-01-27T11:51:10","modified_gmt":"2026-01-27T10:51:10","slug":"telechargez-notre-checklist-communion","status":"publish","type":"page","link":"https:\/\/tadaaz.be\/blog\/be-FR\/telechargez-notre-checklist-communion\/","title":{"rendered":"T\u00e9l\u00e9chargez notre checklist communion\u00a0"},"content":{"rendered":"<div class=\"klaviyo-form-wrapper\" data-klaviyo-form-id=\"VWNGQG\"><div class=\"klaviyo-form-VWNGQG\"><\/div><div style=\"background: #f7f7f7; border: 1px dashed #ccc; padding: 20px; text-align: center; color: #666;\"><strong>Klaviyo Form Placeholder<\/strong><br>ID: VWNGQG<\/div><\/div>\n\n\n<h2 class=\"wp-block-heading\">Les pr\u00e9paratifs communion sans faille, pour une premi\u00e8re communion r\u00e9ussie<\/h2>\n\n\n\n<p>Votre enfant va faire sa premi\u00e8re communion, en tant que \u00ab&nbsp;super maman&nbsp;\u00bb ou \u00ab&nbsp;papa g\u00e2teau&nbsp;\u00bb, il en va de votre fiert\u00e9 que cette f\u00eate soit une r\u00e9ussite. Bien s\u00fbr, que les <strong>pr\u00e9paratifs communion<\/strong> ne se feront pas sans stress mais une bonne organisation dans les pr\u00e9paratifs vous permettra de rester zen jusqu\u2019au jour&nbsp;J (enfin presque&nbsp;&#x1f60a;). T<strong>\u00e9l\u00e9chargez notre checklist communion<\/strong> !<\/p>\n\n\n\n<p>Et pour ne louper aucune \u00e9tape des pr\u00e9paratifs premi\u00e8re communion, <strong>abonnez-vous \u00e0 notre newsletter<\/strong> et t<strong>\u00e9l\u00e9chargez notre checklist communion<\/strong> :<\/p>\n\n\n\n<div class=\"wp-block-columns is-layout-flex wp-container-core-columns-is-layout-28f84493 wp-block-columns-is-layout-flex\">\n<div class=\"wp-block-column is-layout-flow wp-block-column-is-layout-flow\">\n<figure class=\"wp-block-image size-large\"><img loading=\"lazy\" decoding=\"async\" width=\"1024\" height=\"576\" src=\"http:\/\/tadaaz.be\/blog\/wp-content\/uploads\/2023\/02\/Achilles_Communie-64WEB-edited-1024x576.jpg\" alt=\"\" class=\"wp-image-91978\" srcset=\"https:\/\/tadaaz.be\/blog\/wp-content\/uploads\/2023\/02\/Achilles_Communie-64WEB-edited-1024x576.jpg 1024w, https:\/\/tadaaz.be\/blog\/wp-content\/uploads\/2023\/02\/Achilles_Communie-64WEB-edited-300x169.jpg 300w, https:\/\/tadaaz.be\/blog\/wp-content\/uploads\/2023\/02\/Achilles_Communie-64WEB-edited-768x432.jpg 768w, https:\/\/tadaaz.be\/blog\/wp-content\/uploads\/2023\/02\/Achilles_Communie-64WEB-edited-1536x864.jpg 1536w, https:\/\/tadaaz.be\/blog\/wp-content\/uploads\/2023\/02\/Achilles_Communie-64WEB-edited-100x56.jpg 100w, https:\/\/tadaaz.be\/blog\/wp-content\/uploads\/2023\/02\/Achilles_Communie-64WEB-edited.jpg 1613w\" sizes=\"auto, (max-width: 1024px) 100vw, 1024px\" \/><\/figure>\n<\/div>\n\n\n\n<div class=\"wp-block-column is-layout-flow wp-block-column-is-layout-flow\">\n<figure class=\"wp-block-image size-large\"><img loading=\"lazy\" decoding=\"async\" width=\"1024\" height=\"576\" src=\"http:\/\/tadaaz.be\/blog\/wp-content\/uploads\/2023\/02\/AliceGeorges_Communie-10-edited-1024x576.jpg\" alt=\"\" class=\"wp-image-91971\" srcset=\"https:\/\/tadaaz.be\/blog\/wp-content\/uploads\/2023\/02\/AliceGeorges_Communie-10-edited-1024x576.jpg 1024w, https:\/\/tadaaz.be\/blog\/wp-content\/uploads\/2023\/02\/AliceGeorges_Communie-10-edited-300x169.jpg 300w, https:\/\/tadaaz.be\/blog\/wp-content\/uploads\/2023\/02\/AliceGeorges_Communie-10-edited-768x432.jpg 768w, https:\/\/tadaaz.be\/blog\/wp-content\/uploads\/2023\/02\/AliceGeorges_Communie-10-edited-1536x864.jpg 1536w, https:\/\/tadaaz.be\/blog\/wp-content\/uploads\/2023\/02\/AliceGeorges_Communie-10-edited-100x56.jpg 100w, https:\/\/tadaaz.be\/blog\/wp-content\/uploads\/2023\/02\/AliceGeorges_Communie-10-edited.jpg 1613w\" sizes=\"auto, (max-width: 1024px) 100vw, 1024px\" \/><\/figure>\n<\/div>\n<\/div>\n\n\n\n<h3 class=\"wp-block-heading\">La premi\u00e8re \u00e9tape&nbsp;de checklist communion : la salle des f\u00eates<\/h3>\n\n\n\n<p>Vous avez d\u00e9cid\u00e9 de f\u00eater la communion de votre enfant dans une salle. En effet, votre maison n\u2019est pas adapt\u00e9e pour recevoir autant de monde ou vous pr\u00e9f\u00e9rez tout simplement que votre maison ne connaisse pas le branle-bas de combat d\u2019une grande f\u00eate de famille. En plus, \u00e7a vous permettra de profiter \u00e0 fond de cette si belle journ\u00e9e.<\/p>\n\n\n\n<p>La date vous sera donn\u00e9e quelques mois avant, alors, premi\u00e8re chose \u00e0 faire&nbsp;: r\u00e9server la salle. Tr\u00e8s pris\u00e9es durant cette p\u00e9riode, les salles disponibles ne courront pas les rues. Pas trop grande, ni trop petite, avec ou sans service traiteur\u2026 \u00e0 vous de d\u00e9cider&nbsp;!<\/p>\n\n\n\n<h3 class=\"wp-block-heading\">Deuxi\u00e8me \u00e9tape des pr\u00e9paratifs communion : l\u2019invitation communion<\/h3>\n\n\n\n<p>Eh oui, cette journ\u00e9e qui f\u00eatera la communion de votre fille ou de votre gar\u00e7on doit s\u2019annoncer dans les r\u00e8gles de l\u2019art. Il s\u2019agit ici de la seconde \u00e9tape car vos convives devront la recevoir en avance afin d\u2019\u00eatre bien pr\u00e9sents pour accompagner votre enfant. Pour cette <a href=\"\/fr\/communion\/faire-part-communion\">invitation communion<\/a> qui d\u00e9finira peut-\u00eatre le th\u00e8me de la soir\u00e9e&nbsp;: chic, color\u00e9e, avec ou sans photo\u2026 vous trouverez votre bonheur sur Tadaaz. Quelques clics suffiront \u00e0 personnaliser cette carte de communion&nbsp;afin de d\u00e9tailler l\u2019organisation de cette journ\u00e9e&nbsp;: date, lieu, heure, n\u2019oubliez aucune information.<\/p>\n\n\n\n<div class=\"wp-block-columns is-layout-flex wp-container-core-columns-is-layout-28f84493 wp-block-columns-is-layout-flex\">\n<div class=\"wp-block-column is-layout-flow wp-block-column-is-layout-flow\">\n<figure class=\"wp-block-image size-large\"><a href=\"https:\/\/tadaaz.be\/fr\/communion\/faire-part-communion\"><img loading=\"lazy\" decoding=\"async\" width=\"1024\" height=\"684\" src=\"https:\/\/tadaaz.be\/blog\/wp-content\/uploads\/2023\/02\/COMMUNIE_2023-2-1024x684.jpg\" alt=\"\" class=\"wp-image-92003\" srcset=\"https:\/\/tadaaz.be\/blog\/wp-content\/uploads\/2023\/02\/COMMUNIE_2023-2-1024x684.jpg 1024w, https:\/\/tadaaz.be\/blog\/wp-content\/uploads\/2023\/02\/COMMUNIE_2023-2-300x200.jpg 300w, https:\/\/tadaaz.be\/blog\/wp-content\/uploads\/2023\/02\/COMMUNIE_2023-2-768x513.jpg 768w, https:\/\/tadaaz.be\/blog\/wp-content\/uploads\/2023\/02\/COMMUNIE_2023-2-1536x1026.jpg 1536w, https:\/\/tadaaz.be\/blog\/wp-content\/uploads\/2023\/02\/COMMUNIE_2023-2-100x67.jpg 100w, https:\/\/tadaaz.be\/blog\/wp-content\/uploads\/2023\/02\/COMMUNIE_2023-2.jpg 1613w\" sizes=\"auto, (max-width: 1024px) 100vw, 1024px\" \/><\/a><\/figure>\n<\/div>\n\n\n\n<div class=\"wp-block-column is-layout-flow wp-block-column-is-layout-flow\">\n<figure class=\"wp-block-image size-large\"><a href=\"\/fr\/communion\/faire-part-communion?orderType=desc&amp;orderBy=createdAt\"><img loading=\"lazy\" decoding=\"async\" width=\"1024\" height=\"684\" src=\"http:\/\/tadaaz.be\/blog\/wp-content\/uploads\/2022\/02\/Communie2022-57-1024x684.jpg\" alt=\"\" class=\"wp-image-88293\" srcset=\"https:\/\/tadaaz.be\/blog\/wp-content\/uploads\/2022\/02\/Communie2022-57-1024x684.jpg 1024w, https:\/\/tadaaz.be\/blog\/wp-content\/uploads\/2022\/02\/Communie2022-57-300x200.jpg 300w, https:\/\/tadaaz.be\/blog\/wp-content\/uploads\/2022\/02\/Communie2022-57-768x513.jpg 768w, https:\/\/tadaaz.be\/blog\/wp-content\/uploads\/2022\/02\/Communie2022-57-1536x1026.jpg 1536w, https:\/\/tadaaz.be\/blog\/wp-content\/uploads\/2022\/02\/Communie2022-57-100x67.jpg 100w, https:\/\/tadaaz.be\/blog\/wp-content\/uploads\/2022\/02\/Communie2022-57.jpg 1613w\" sizes=\"auto, (max-width: 1024px) 100vw, 1024px\" \/><\/a><\/figure>\n<\/div>\n<\/div>\n\n\n\n<h3 class=\"wp-block-heading\">Les photos et la tenue<\/h3>\n\n\n\n<p>Il faudra aussi inclure dans les pr\u00e9paratifs communion la tenue que votre enfant portera. En effet votre enfant devra se faire tout beau pour le jour de la c\u00e9r\u00e9monie. Une s\u00e9ance photos en tenue s\u2019impose que vous pourrez utiliser pour vos <a href=\"\/fr\/communion\/faire-part-communion\">invitations<\/a>, <a href=\"\/fr\/communion\/decoration-communion\">d\u00e9coration<\/a> de table ou <a href=\"\/fr\/communion\/cadeau-invite-communion\">remerciements<\/a>.<\/p>\n\n\n\n<figure class=\"wp-block-image size-large\"><a href=\"\/fr\/communion\"><img loading=\"lazy\" decoding=\"async\" width=\"1024\" height=\"684\" src=\"http:\/\/tadaaz.be\/blog\/wp-content\/uploads\/2022\/07\/OSCAR-TROMPET-11-1024x684.jpg\" alt=\"\" class=\"wp-image-89470\" srcset=\"https:\/\/tadaaz.be\/blog\/wp-content\/uploads\/2022\/07\/OSCAR-TROMPET-11-1024x684.jpg 1024w, https:\/\/tadaaz.be\/blog\/wp-content\/uploads\/2022\/07\/OSCAR-TROMPET-11-300x200.jpg 300w, https:\/\/tadaaz.be\/blog\/wp-content\/uploads\/2022\/07\/OSCAR-TROMPET-11-768x513.jpg 768w, https:\/\/tadaaz.be\/blog\/wp-content\/uploads\/2022\/07\/OSCAR-TROMPET-11-1536x1025.jpg 1536w, https:\/\/tadaaz.be\/blog\/wp-content\/uploads\/2022\/07\/OSCAR-TROMPET-11-2048x1367.jpg 2048w, https:\/\/tadaaz.be\/blog\/wp-content\/uploads\/2022\/07\/OSCAR-TROMPET-11-100x67.jpg 100w\" sizes=\"auto, (max-width: 1024px) 100vw, 1024px\" \/><\/a><\/figure>\n\n\n\n<h3 class=\"wp-block-heading\">La derni\u00e8re \u00e9tape&nbsp;: votre d\u00e9coration de table et vos remerciements<\/h3>\n\n\n\n<p>Vos proches ont r\u00e9pondu pr\u00e9sents \u00e0 votre <a href=\"\/fr\/communion\/faire-part-communion\">invitation premi\u00e8re communion<\/a>, il est d\u00e9sormais temps de penser \u00e0 votre d\u00e9coration de table. Premi\u00e8re chose que vos convives d\u00e9couvriront d\u00e8s leur entr\u00e9e&nbsp;: votre table de communion. Assortis \u00e0 votre faire-part communion, notre gamme vous propose des menus, des ronds de serviettes, des sets de table\u2026 vous l\u2019avez compris, elle se devra d\u2019\u00eatre soign\u00e9e et harmonieuse. Les compliments ne tarderont pas \u00e0 venir \u00e0 vos oreilles&nbsp;!<\/p>\n\n\n\n<div class=\"wp-block-columns is-layout-flex wp-container-core-columns-is-layout-28f84493 wp-block-columns-is-layout-flex\">\n<div class=\"wp-block-column is-layout-flow wp-block-column-is-layout-flow\">\n<figure class=\"wp-block-image size-large\"><a href=\"\/fr\/communion\"><img loading=\"lazy\" decoding=\"async\" width=\"1024\" height=\"682\" src=\"http:\/\/tadaaz.be\/blog\/wp-content\/uploads\/2022\/07\/CommunieExtra-15-1024x682.jpg\" alt=\"\" class=\"wp-image-89475\" srcset=\"https:\/\/tadaaz.be\/blog\/wp-content\/uploads\/2022\/07\/CommunieExtra-15-1024x682.jpg 1024w, https:\/\/tadaaz.be\/blog\/wp-content\/uploads\/2022\/07\/CommunieExtra-15-300x200.jpg 300w, https:\/\/tadaaz.be\/blog\/wp-content\/uploads\/2022\/07\/CommunieExtra-15-768x512.jpg 768w, https:\/\/tadaaz.be\/blog\/wp-content\/uploads\/2022\/07\/CommunieExtra-15-1536x1024.jpg 1536w, https:\/\/tadaaz.be\/blog\/wp-content\/uploads\/2022\/07\/CommunieExtra-15-100x67.jpg 100w, https:\/\/tadaaz.be\/blog\/wp-content\/uploads\/2022\/07\/CommunieExtra-15.jpg 1673w\" sizes=\"auto, (max-width: 1024px) 100vw, 1024px\" \/><\/a><\/figure>\n<\/div>\n\n\n\n<div class=\"wp-block-column is-layout-flow wp-block-column-is-layout-flow\">\n<figure class=\"wp-block-image size-large\"><a href=\"\/fr\/communion\"><img loading=\"lazy\" decoding=\"async\" width=\"1024\" height=\"682\" src=\"http:\/\/tadaaz.be\/blog\/wp-content\/uploads\/2022\/07\/CommunieExtra-04-1024x682.jpg\" alt=\"\" class=\"wp-image-89480\" srcset=\"https:\/\/tadaaz.be\/blog\/wp-content\/uploads\/2022\/07\/CommunieExtra-04-1024x682.jpg 1024w, https:\/\/tadaaz.be\/blog\/wp-content\/uploads\/2022\/07\/CommunieExtra-04-300x200.jpg 300w, https:\/\/tadaaz.be\/blog\/wp-content\/uploads\/2022\/07\/CommunieExtra-04-768x512.jpg 768w, https:\/\/tadaaz.be\/blog\/wp-content\/uploads\/2022\/07\/CommunieExtra-04-1536x1024.jpg 1536w, https:\/\/tadaaz.be\/blog\/wp-content\/uploads\/2022\/07\/CommunieExtra-04-100x67.jpg 100w, https:\/\/tadaaz.be\/blog\/wp-content\/uploads\/2022\/07\/CommunieExtra-04.jpg 1673w\" sizes=\"auto, (max-width: 1024px) 100vw, 1024px\" \/><\/a><\/figure>\n<\/div>\n<\/div>\n\n\n\n<p>Pourquoi ne pas profiter de ce dernier achat pour commander vos <a href=\"\/fr\/communion\/cadeau-invite-communion\">remerciements premi\u00e8re communion<\/a>. Quelle joie pour votre famille et vos amis de d\u00e9couvrir pr\u00e8s de leur assiette une jolie bo\u00eete \u00e0 drag\u00e9es en l\u2019honneur de votre enfant, personnalis\u00e9e de sa photo, pr\u00e9nom et date. Petits et grands appr\u00e9cieront.<\/p>\n\n\n\n<p>Vous n\u2019avez que quelques mois pour pr\u00e9parer cette f\u00eate, chaque \u00e9tape est importante. Mieux vaut s\u2019y prendre \u00e0 l\u2019avance car les impr\u00e9vus font partis du jeu. Mais avec Tadaaz, votre papeterie communion est entre de bonnes mains, c\u2019est une certitude&nbsp;!<\/p>\n\n\n\n<div class=\"wp-block-buttons is-layout-flex wp-block-buttons-is-layout-flex\">\n<div class=\"wp-block-button aligncenter\"><a class=\"wp-block-button__link wp-element-button\" href=\"\/fr\/communion\">La collection communion &gt;<\/a><\/div>\n<\/div>\n","protected":false},"excerpt":{"rendered":"<p>Les pr\u00e9paratifs communion sans faille, pour une premi\u00e8re communion r\u00e9ussie Votre enfant va faire sa premi\u00e8re communion, en tant que \u00ab&nbsp;super maman&nbsp;\u00bb ou \u00ab&nbsp;papa g\u00e2teau&nbsp;\u00bb, il en va de votre fiert\u00e9 que cette f\u00eate soit une r\u00e9ussite. Bien s\u00fbr, que les pr\u00e9paratifs communion ne se feront pas sans stress mais une bonne organisation dans les [&hellip;]<\/p>\n","protected":false},"author":34,"featured_media":89464,"parent":0,"menu_order":0,"comment_status":"closed","ping_status":"closed","template":"","meta":{"footnotes":""},"class_list":["post-89463","page","type-page","status-publish","has-post-thumbnail","hentry"],"blocksy_meta":{"styles_descriptor":{"styles":{"desktop":"","tablet":"","mobile":""},"google_fonts":[],"version":6}},"yoast_head":"<!-- This site is optimized with the Yoast SEO plugin v26.7 - https:\/\/yoast.com\/wordpress\/plugins\/seo\/ -->\n<title>T\u00e9l\u00e9chargez notre checklist communion\u00a0 - Tadaaz<\/title>\n<meta name=\"description\" content=\"Et pour ne louper aucune \u00e9tape des pr\u00e9paratifs premi\u00e8re communion, abonnez-vous \u00e0 notre newsletter et t\u00e9l\u00e9chargez notre checklist communion !\" \/>\n<meta name=\"robots\" content=\"index, follow, max-snippet:-1, max-image-preview:large, max-video-preview:-1\" \/>\n<link rel=\"canonical\" href=\"https:\/\/tadaaz.be\/blog\/be-FR\/wp-json\/wp\/v2\/pages\/89463\" \/>\n<meta property=\"og:locale\" content=\"fr_FR\" \/>\n<meta property=\"og:type\" content=\"article\" \/>\n<meta property=\"og:title\" content=\"T\u00e9l\u00e9chargez notre checklist communion\u00a0 - Tadaaz\" \/>\n<meta property=\"og:description\" content=\"Et pour ne louper aucune \u00e9tape des pr\u00e9paratifs premi\u00e8re communion, abonnez-vous \u00e0 notre newsletter et t\u00e9l\u00e9chargez notre checklist communion !\" \/>\n<meta property=\"og:url\" content=\"https:\/\/tadaaz.be\/blog\/be-FR\/telechargez-notre-checklist-communion\/\" \/>\n<meta property=\"og:site_name\" content=\"Tadaaz\" \/>\n<meta property=\"article:modified_time\" content=\"2026-01-27T10:51:10+00:00\" \/>\n<meta property=\"og:image\" content=\"https:\/\/tadaaz.be\/blog\/wp-content\/uploads\/2022\/07\/KIM_PEACOCKCHAIR-4-scaled.jpg\" \/>\n\t<meta property=\"og:image:width\" content=\"2560\" \/>\n\t<meta property=\"og:image:height\" content=\"1709\" \/>\n\t<meta property=\"og:image:type\" content=\"image\/jpeg\" \/>\n<meta name=\"twitter:card\" content=\"summary_large_image\" \/>\n<meta name=\"twitter:label1\" content=\"Dur\u00e9e de lecture est.\" \/>\n\t<meta name=\"twitter:data1\" content=\"4 minutes\" \/>\n<!-- \/ Yoast SEO plugin. -->","yoast_head_json":{"title":"T\u00e9l\u00e9chargez notre checklist communion\u00a0 - Tadaaz","description":"Et pour ne louper aucune \u00e9tape des pr\u00e9paratifs premi\u00e8re communion, abonnez-vous \u00e0 notre newsletter et t\u00e9l\u00e9chargez notre checklist communion !","robots":{"index":"index","follow":"follow","max-snippet":"max-snippet:-1","max-image-preview":"max-image-preview:large","max-video-preview":"max-video-preview:-1"},"canonical":"https:\/\/tadaaz.be\/blog\/be-FR\/wp-json\/wp\/v2\/pages\/89463","og_locale":"fr_FR","og_type":"article","og_title":"T\u00e9l\u00e9chargez notre checklist communion\u00a0 - Tadaaz","og_description":"Et pour ne louper aucune \u00e9tape des pr\u00e9paratifs premi\u00e8re communion, abonnez-vous \u00e0 notre newsletter et t\u00e9l\u00e9chargez notre checklist communion !","og_url":"https:\/\/tadaaz.be\/blog\/be-FR\/telechargez-notre-checklist-communion\/","og_site_name":"Tadaaz","article_modified_time":"2026-01-27T10:51:10+00:00","og_image":[{"width":2560,"height":1709,"url":"https:\/\/tadaaz.be\/blog\/wp-content\/uploads\/2022\/07\/KIM_PEACOCKCHAIR-4-scaled.jpg","type":"image\/jpeg"}],"twitter_card":"summary_large_image","twitter_misc":{"Dur\u00e9e de lecture est.":"4 minutes"},"schema":{"@context":"https:\/\/schema.org","@graph":[{"@type":"WebPage","@id":"https:\/\/tadaaz.be\/blog\/be-FR\/telechargez-notre-checklist-communion\/","url":"https:\/\/tadaaz.be\/blog\/be-FR\/telechargez-notre-checklist-communion\/","name":"T\u00e9l\u00e9chargez notre checklist communion\u00a0 - Tadaaz","isPartOf":{"@id":"https:\/\/tadaaz.nl\/blog\/nl\/#website"},"primaryImageOfPage":{"@id":"https:\/\/tadaaz.be\/blog\/be-FR\/telechargez-notre-checklist-communion\/#primaryimage"},"image":{"@id":"https:\/\/tadaaz.be\/blog\/be-FR\/telechargez-notre-checklist-communion\/#primaryimage"},"thumbnailUrl":"https:\/\/tadaaz.be\/blog\/wp-content\/uploads\/2022\/07\/KIM_PEACOCKCHAIR-4-scaled.jpg","datePublished":"2022-07-08T08:57:00+00:00","dateModified":"2026-01-27T10:51:10+00:00","description":"Et pour ne louper aucune \u00e9tape des pr\u00e9paratifs premi\u00e8re communion, abonnez-vous \u00e0 notre newsletter et t\u00e9l\u00e9chargez notre checklist communion !","inLanguage":"fr-BE","potentialAction":[{"@type":"ReadAction","target":["https:\/\/tadaaz.be\/blog\/be-FR\/telechargez-notre-checklist-communion\/"]}]},{"@type":"ImageObject","inLanguage":"fr-BE","@id":"https:\/\/tadaaz.be\/blog\/be-FR\/telechargez-notre-checklist-communion\/#primaryimage","url":"https:\/\/tadaaz.be\/blog\/wp-content\/uploads\/2022\/07\/KIM_PEACOCKCHAIR-4-scaled.jpg","contentUrl":"https:\/\/tadaaz.be\/blog\/wp-content\/uploads\/2022\/07\/KIM_PEACOCKCHAIR-4-scaled.jpg","width":2560,"height":1709},{"@type":"WebSite","@id":"https:\/\/tadaaz.nl\/blog\/nl\/#website","url":"https:\/\/tadaaz.nl\/blog\/nl\/","name":"Tadaaz","description":"","publisher":{"@id":"https:\/\/tadaaz.nl\/blog\/nl\/#organization"},"potentialAction":[{"@type":"SearchAction","target":{"@type":"EntryPoint","urlTemplate":"https:\/\/tadaaz.nl\/blog\/nl\/?s={search_term_string}"},"query-input":{"@type":"PropertyValueSpecification","valueRequired":true,"valueName":"search_term_string"}}],"inLanguage":"fr-BE"},{"@type":"Organization","@id":"https:\/\/tadaaz.nl\/blog\/nl\/#organization","name":"Tadaaz","url":"https:\/\/tadaaz.nl\/blog\/nl\/","logo":{"@type":"ImageObject","inLanguage":"fr-BE","@id":"https:\/\/tadaaz.nl\/blog\/nl\/#\/schema\/logo\/image\/","url":"https:\/\/tadaaz.be\/blog\/wp-content\/uploads\/2023\/02\/TADAAZ_LOGO_RGB_BLOG.svg","contentUrl":"https:\/\/tadaaz.be\/blog\/wp-content\/uploads\/2023\/02\/TADAAZ_LOGO_RGB_BLOG.svg","caption":"Tadaaz"},"image":{"@id":"https:\/\/tadaaz.nl\/blog\/nl\/#\/schema\/logo\/image\/"}}]}},"_links":{"self":[{"href":"https:\/\/tadaaz.be\/blog\/be-FR\/wp-json\/wp\/v2\/pages\/89463","targetHints":{"allow":["GET"]}}],"collection":[{"href":"https:\/\/tadaaz.be\/blog\/be-FR\/wp-json\/wp\/v2\/pages"}],"about":[{"href":"https:\/\/tadaaz.be\/blog\/be-FR\/wp-json\/wp\/v2\/types\/page"}],"author":[{"embeddable":true,"href":"https:\/\/tadaaz.be\/blog\/be-FR\/wp-json\/wp\/v2\/users\/34"}],"replies":[{"embeddable":true,"href":"https:\/\/tadaaz.be\/blog\/be-FR\/wp-json\/wp\/v2\/comments?post=89463"}],"version-history":[{"count":2,"href":"https:\/\/tadaaz.be\/blog\/be-FR\/wp-json\/wp\/v2\/pages\/89463\/revisions"}],"predecessor-version":[{"id":114321,"href":"https:\/\/tadaaz.be\/blog\/be-FR\/wp-json\/wp\/v2\/pages\/89463\/revisions\/114321"}],"wp:featuredmedia":[{"embeddable":true,"href":"https:\/\/tadaaz.be\/blog\/be-FR\/wp-json\/wp\/v2\/media\/89464"}],"wp:attachment":[{"href":"https:\/\/tadaaz.be\/blog\/be-FR\/wp-json\/wp\/v2\/media?parent=89463"}],"curies":[{"name":"wp","href":"https:\/\/api.w.org\/{rel}","templated":true}]}}